{"id":2,"date":"2026-03-09T12:47:04","date_gmt":"2026-03-09T11:47:04","guid":{"rendered":"https:\/\/voucher.wolskigym.pl\/?page_id=2"},"modified":"2026-03-19T16:53:26","modified_gmt":"2026-03-19T15:53:26","slug":"przykladowa-strona","status":"publish","type":"page","link":"https:\/\/voucher.wolskigym.pl\/","title":{"rendered":"\u015aroda \u015al\u0105ska"},"content":{"rendered":"\n<div class=\"wp-block-group has-global-padding is-layout-constrained wp-container-core-group-is-layout-97829e9f wp-block-group-is-layout-constrained\" style=\"padding-right:var(--wp--preset--spacing--40);padding-left:var(--wp--preset--spacing--40)\">\n<h2 class=\"wp-block-heading has-text-align-center has-base-color has-text-color has-link-color wp-elements-9aa06452eb3a22c82956a29a476966fc\" style=\"border-top-left-radius:100px;border-top-right-radius:100px;border-bottom-left-radius:100px;border-bottom-right-radius:100px;padding-top:0px;padding-right:0;padding-bottom:0px;padding-left:0;font-size:clamp(2.021rem, 2.021rem + ((1vw - 0.2rem) * 2.578), 3.6rem);\"><strong><mark style=\"background-color:rgba(0, 0, 0, 0);color:#fcb900\" class=\"has-inline-color\">ODBIERZ BEZP\u0141ATNY<\/mark><br>VOUCHER O WARTO\u015aCI 118 Z\u0141<\/strong><\/h2>\n\n\n\n<p class=\"has-text-align-center has-text-color has-link-color wp-elements-b84cf4f7fd8fa2a1bddabd4889eb0e74\" style=\"color:#ffffffab;padding-top:0px;padding-right:0;padding-bottom:16px;padding-left:0;font-size:clamp(0.875rem, 0.875rem + ((1vw - 0.2rem) * 0.204), 1rem);line-height:1.5\"><mark style=\"background-color:rgba(0, 0, 0, 0);color:#fcb900\" class=\"has-inline-color\"><strong>Zgarnij sw\u00f3j voucher!<\/strong> <\/mark><br><br>Zostaw swoje dane w formularzu. <br>Skontaktujemy si\u0119 z Tob\u0105 telefonicznie, aby potwierdzi\u0107 zg\u0142oszenie. Informacje s\u0105 nam potrzebne do wystawienia Twojego vouchera.<br>Uwaga: Z promocji mog\u0105 skorzysta\u0107 wy\u0142\u0105cznie nowi klubowicze WOLSKI GYM \u015aroda \u015al\u0105ska.<\/p>\n\n\n\n<p class=\"has-text-align-center has-luminous-vivid-amber-color has-text-color has-link-color wp-elements-97e6452c1aa02b3ec2af141f7ee488bb\" style=\"font-size:0.7rem\">Wysy\u0142aj\u0105c wiadomo\u015b\u0107 o\u015bwiadczam, \u017ce wszystkie wy\u017cej podane dane s\u0105 zgodne ze stanem faktycznym. <br>Jestem \u015bwiadoma\/y odpowiedzialno\u015bci karnej za z\u0142o\u017cenie fa\u0142szywego o\u015bwiadczenia. <br>Wysy\u0142aj\u0105c wiadomo\u015b\u0107 zgadzam si\u0119 na przetwarzanie danych osobowych zawartych w powy\u017cszym formularzu <br>przez firm\u0119 &#8222;WOLSKI GYM SP\u00d3\u0141KA Z OGRANICZON\u0104 ODPOWIEDZIALNO\u015aCI\u0104&#8221; na potrzeby przygotowania vouchera.<\/p>\n<\/div>\n\n\n\n<div class=\"wp-block-group is-layout-flex wp-block-group-is-layout-flex\" style=\"padding-top:var(--wp--preset--spacing--30);padding-right:var(--wp--preset--spacing--30);padding-bottom:var(--wp--preset--spacing--30);padding-left:var(--wp--preset--spacing--30)\">\n<figure class=\"wp-block-gallery has-nested-images columns-2 wp-block-gallery-2 is-layout-flex wp-block-gallery-is-layout-flex\" style=\"border-style:none;border-width:0px;border-top-left-radius:0px;border-top-right-radius:0px;border-bottom-left-radius:0px;border-bottom-right-radius:0px\">\n<figure class=\"wp-block-image size-full has-custom-border\" style=\"margin-right:0;margin-left:0\"><img loading=\"lazy\" decoding=\"async\" width=\"2000\" height=\"943\" data-id=\"99\" src=\"https:\/\/voucher.wolskigym.pl\/wp-content\/uploads\/2026\/03\/Bezplatny-Voucher-210-x-99-mm-1-strona.png\" alt=\"\" class=\"wp-image-99\" style=\"border-style:none;border-width:0px;border-top-left-radius:16px;border-top-right-radius:16px;border-bottom-left-radius:16px;border-bottom-right-radius:16px\" srcset=\"https:\/\/voucher.wolskigym.pl\/wp-content\/uploads\/2026\/03\/Bezplatny-Voucher-210-x-99-mm-1-strona.png 2000w, https:\/\/voucher.wolskigym.pl\/wp-content\/uploads\/2026\/03\/Bezplatny-Voucher-210-x-99-mm-1-strona-300x141.png 300w, https:\/\/voucher.wolskigym.pl\/wp-content\/uploads\/2026\/03\/Bezplatny-Voucher-210-x-99-mm-1-strona-1024x483.png 1024w, https:\/\/voucher.wolskigym.pl\/wp-content\/uploads\/2026\/03\/Bezplatny-Voucher-210-x-99-mm-1-strona-768x362.png 768w, https:\/\/voucher.wolskigym.pl\/wp-content\/uploads\/2026\/03\/Bezplatny-Voucher-210-x-99-mm-1-strona-1536x724.png 1536w\" sizes=\"auto, (max-width: 2000px) 100vw, 2000px\" \/><\/figure>\n\n\n\n<figure class=\"wp-block-image size-full has-custom-border is-style-default wp-duotone-unset-1\" style=\"margin-top:0;margin-right:0;margin-bottom:0;margin-left:0\"><img loading=\"lazy\" decoding=\"async\" width=\"1980\" height=\"934\" data-id=\"199\" src=\"https:\/\/voucher.wolskigym.pl\/wp-content\/uploads\/2026\/03\/Bezplatny-Voucher-210-x-99-mm-2-strona-edited.png\" alt=\"\" class=\"wp-image-199\" style=\"border-style:none;border-width:0px;border-top-left-radius:16px;border-top-right-radius:16px;border-bottom-left-radius:16px;border-bottom-right-radius:16px;box-shadow:var(--wp--preset--shadow--deep)\" srcset=\"https:\/\/voucher.wolskigym.pl\/wp-content\/uploads\/2026\/03\/Bezplatny-Voucher-210-x-99-mm-2-strona-edited.png 1980w, https:\/\/voucher.wolskigym.pl\/wp-content\/uploads\/2026\/03\/Bezplatny-Voucher-210-x-99-mm-2-strona-edited-300x142.png 300w, https:\/\/voucher.wolskigym.pl\/wp-content\/uploads\/2026\/03\/Bezplatny-Voucher-210-x-99-mm-2-strona-edited-1024x483.png 1024w, https:\/\/voucher.wolskigym.pl\/wp-content\/uploads\/2026\/03\/Bezplatny-Voucher-210-x-99-mm-2-strona-edited-768x362.png 768w, https:\/\/voucher.wolskigym.pl\/wp-content\/uploads\/2026\/03\/Bezplatny-Voucher-210-x-99-mm-2-strona-edited-1536x725.png 1536w\" sizes=\"auto, (max-width: 1980px) 100vw, 1980px\" \/><\/figure>\n<\/figure>\n<\/div>\n\n\n\n<div class=\"wp-block-group is-vertical is-layout-flex wp-container-core-group-is-layout-434a4625 wp-block-group-is-layout-flex\" style=\"padding-right:var(--wp--preset--spacing--30);padding-left:var(--wp--preset--spacing--30)\">\n<h3 class=\"wp-block-heading has-text-align-center has-base-color has-text-color has-link-color wp-elements-75ba3c7a1bf234578c38cf1ea62be168\" style=\"padding-bottom:var(--wp--preset--spacing--40);font-size:clamp(2.111rem, 2.111rem + ((1vw - 0.2rem) * 2.758), 3.8rem);\"><strong>Dlaczego warto?<\/strong><\/h3>\n\n\n\n<div class=\"wp-block-group is-vertical is-layout-flex wp-container-core-group-is-layout-fe9cc265 wp-block-group-is-layout-flex\" style=\"min-height:0px\">\n<p class=\"has-small-font-size\" style=\"border-width:1px;border-top-left-radius:16px;border-top-right-radius:16px;border-bottom-left-radius:16px;border-bottom-right-radius:16px;padding-top:16px;padding-right:16px;padding-bottom:16px;padding-left:16px\"><strong><mark style=\"background-color:rgba(0, 0, 0, 0);color:#fcb900\" class=\"has-inline-color\">Testujesz bez \u017cadnego ryzyka<\/mark><\/strong> &#8211; <mark style=\"background-color:rgba(0, 0, 0, 0);color:#ffffffb3\" class=\"has-inline-color\">Sprawd\u017a nas, zanim podejmiesz decyzj\u0119. <br>Dzi\u0119ki bezp\u0142atnemu voucherowi poznasz klub od \u015brodka i przekonasz si\u0119, czy to miejsce dla Ciebie, zanim zainwestujesz w karnet.<\/mark><\/p>\n\n\n\n<p class=\"has-small-font-size\" style=\"border-width:1px;border-top-left-radius:16px;border-top-right-radius:16px;border-bottom-left-radius:16px;border-bottom-right-radius:16px;padding-top:16px;padding-right:16px;padding-bottom:16px;padding-left:16px\"><strong><mark style=\"background-color:rgba(0, 0, 0, 0);color:#fcb900\" class=\"has-inline-color\">Podw\u00f3jna dawka mo\u017cliwo\u015bci w pakiecie<\/mark><\/strong> &#8211; <mark style=\"background-color:rgba(0, 0, 0, 0);color:#ffffffb3\" class=\"has-inline-color\">Dwa treningi na start \u2013 Ty wybierasz! Voucher daje Ci dost\u0119p zar\u00f3wno do strefy open, jak i dowolnych zaj\u0119\u0107 grupowych. To najlepszy spos\u00f3b, by w pe\u0142ni przetestowa\u0107 nasz\u0105 ofert\u0119.<\/mark><\/p>\n\n\n\n<p class=\"has-small-font-size\" style=\"border-width:1px;border-top-left-radius:16px;border-top-right-radius:16px;border-bottom-left-radius:16px;border-bottom-right-radius:16px;padding-top:16px;padding-right:16px;padding-bottom:16px;padding-left:16px\"><strong><mark style=\"background-color:rgba(0, 0, 0, 0);color:#fcb900\" class=\"has-inline-color\">Poczujesz si\u0119 u nas jak w domu<\/mark><\/strong> &#8211; <mark style=\"background-color:rgba(0, 0, 0, 0);color:#ffffffb3\" class=\"has-inline-color\">Odkryjesz atmosfer\u0119, kt\u00f3rej szukasz. W WOLSKIGYM nie jeste\u015b anonimowy. Ju\u017c przy pierwszej wizycie przekonasz si\u0119, \u017ce tworzymy wspieraj\u0105c\u0105 spo\u0142eczno\u015b\u0107, w kt\u00f3rej ka\u017cdy czuje si\u0119 swobodnie.<\/mark><\/p>\n\n\n\n<p class=\"has-small-font-size\" style=\"border-width:1px;border-top-left-radius:16px;border-top-right-radius:16px;border-bottom-left-radius:16px;border-bottom-right-radius:16px;padding-top:16px;padding-right:16px;padding-bottom:16px;padding-left:16px\"><strong><mark style=\"background-color:rgba(0, 0, 0, 0);color:#fcb900\" class=\"has-inline-color\">Treningi dopasowane do Ciebie<\/mark><\/strong> &#8211; <mark style=\"background-color:rgba(0, 0, 0, 0);color:#ffffffb3\" class=\"has-inline-color\">Poznasz ekspert\u00f3w, kt\u00f3rzy o Ciebie zadbaj\u0105. Nasi instruktorzy prowadz\u0105 zaj\u0119cia w taki spos\u00f3b, aby ka\u017cdy \u2013 od debiutanta po sportowca \u2013 czerpa\u0142 z nich maksimum korzy\u015bci i satysfakcji.<\/mark><\/p>\n<\/div>\n<\/div>\n","protected":false},"excerpt":{"rendered":"<p>ODBIERZ BEZP\u0141ATNYVOUCHER O WARTO\u015aCI 118 Z\u0141 Zgarnij sw\u00f3j voucher! Zostaw swoje dane w formularzu. Skontaktujemy si\u0119 z Tob\u0105 telefonicznie, aby potwierdzi\u0107 zg\u0142oszenie. Informacje s\u0105 nam potrzebne do wystawienia Twojego vouchera.Uwaga: Z promocji mog\u0105 skorzysta\u0107 wy\u0142\u0105cznie nowi klubowicze WOLSKI GYM \u015aroda \u015al\u0105ska. Wysy\u0142aj\u0105c wiadomo\u015b\u0107 o\u015bwiadczam, \u017ce wszystkie wy\u017cej podane dane s\u0105 zgodne ze stanem faktycznym. Jestem [&hellip;]<\/p>\n","protected":false},"author":1,"featured_media":0,"parent":0,"menu_order":0,"comment_status":"closed","ping_status":"open","template":"","meta":{"footnotes":""},"class_list":["post-2","page","type-page","status-publish","hentry"],"yoast_head":"<!-- This site is optimized with the Yoast SEO plugin v27.2 - https:\/\/yoast.com\/product\/yoast-seo-wordpress\/ -->\n<title>Zgarnij sw\u00f3j Voucher!<\/title>\n<meta name=\"description\" content=\"ODBIERZ BEZP\u0141ATNY VOUCHER O WARTO\u015aCI 118 Z\u0141\" \/>\n<meta name=\"robots\" content=\"noindex, follow, max-snippet:-1, max-image-preview:large, max-video-preview:-1\" \/>\n<meta property=\"og:locale\" content=\"pl_PL\" \/>\n<meta property=\"og:type\" content=\"article\" \/>\n<meta property=\"og:title\" content=\"Zgarnij sw\u00f3j Voucher!\" \/>\n<meta property=\"og:description\" content=\"ODBIERZ BEZP\u0141ATNY VOUCHER O WARTO\u015aCI 118 Z\u0141\" \/>\n<meta property=\"og:url\" content=\"https:\/\/voucher.wolskigym.pl\/\" \/>\n<meta property=\"og:site_name\" content=\"Wolskigym.pl\" \/>\n<meta property=\"article:modified_time\" content=\"2026-03-19T15:53:26+00:00\" \/>\n<meta property=\"og:image\" content=\"https:\/\/voucher.wolskigym.pl\/wp-content\/uploads\/2026\/03\/Bezplatny-Voucher-210-x-99-mm-1-strona.png\" \/>\n\t<meta property=\"og:image:width\" content=\"2000\" \/>\n\t<meta property=\"og:image:height\" content=\"943\" \/>\n\t<meta property=\"og:image:type\" content=\"image\/png\" \/>\n<meta name=\"twitter:card\" content=\"summary_large_image\" \/>\n<meta name=\"twitter:label1\" content=\"Szacowany czas czytania\" \/>\n\t<meta name=\"twitter:data1\" content=\"2 minuty\" \/>\n<script type=\"application\/ld+json\" class=\"yoast-schema-graph\">{\"@context\":\"https:\/\/schema.org\",\"@graph\":[{\"@type\":\"WebPage\",\"@id\":\"https:\/\/voucher.wolskigym.pl\/\",\"url\":\"https:\/\/voucher.wolskigym.pl\/\",\"name\":\"Zgarnij sw\u00f3j Voucher!\",\"isPartOf\":{\"@id\":\"https:\/\/voucher.wolskigym.pl\/#website\"},\"primaryImageOfPage\":{\"@id\":\"https:\/\/voucher.wolskigym.pl\/#primaryimage\"},\"image\":{\"@id\":\"https:\/\/voucher.wolskigym.pl\/#primaryimage\"},\"thumbnailUrl\":\"https:\/\/voucher.wolskigym.pl\/wp-content\/uploads\/2026\/03\/Bezplatny-Voucher-210-x-99-mm-1-strona.png\",\"datePublished\":\"2026-03-09T11:47:04+00:00\",\"dateModified\":\"2026-03-19T15:53:26+00:00\",\"description\":\"ODBIERZ BEZP\u0141ATNY VOUCHER O WARTO\u015aCI 118 Z\u0141\",\"breadcrumb\":{\"@id\":\"https:\/\/voucher.wolskigym.pl\/#breadcrumb\"},\"inLanguage\":\"pl-PL\",\"potentialAction\":[{\"@type\":\"ReadAction\",\"target\":[\"https:\/\/voucher.wolskigym.pl\/\"]}]},{\"@type\":\"ImageObject\",\"inLanguage\":\"pl-PL\",\"@id\":\"https:\/\/voucher.wolskigym.pl\/#primaryimage\",\"url\":\"https:\/\/voucher.wolskigym.pl\/wp-content\/uploads\/2026\/03\/Bezplatny-Voucher-210-x-99-mm-1-strona.png\",\"contentUrl\":\"https:\/\/voucher.wolskigym.pl\/wp-content\/uploads\/2026\/03\/Bezplatny-Voucher-210-x-99-mm-1-strona.png\",\"width\":2000,\"height\":943},{\"@type\":\"BreadcrumbList\",\"@id\":\"https:\/\/voucher.wolskigym.pl\/#breadcrumb\",\"itemListElement\":[{\"@type\":\"ListItem\",\"position\":1,\"name\":\"Strona g\u0142\u00f3wna\",\"item\":\"https:\/\/voucher.wolskigym.pl\/\"},{\"@type\":\"ListItem\",\"position\":2,\"name\":\"\u015aroda \u015al\u0105ska\"}]},{\"@type\":\"WebSite\",\"@id\":\"https:\/\/voucher.wolskigym.pl\/#website\",\"url\":\"https:\/\/voucher.wolskigym.pl\/\",\"name\":\"Wolskigym.pl\",\"description\":\"\",\"publisher\":{\"@id\":\"https:\/\/voucher.wolskigym.pl\/#organization\"},\"potentialAction\":[{\"@type\":\"SearchAction\",\"target\":{\"@type\":\"EntryPoint\",\"urlTemplate\":\"https:\/\/voucher.wolskigym.pl\/?s={search_term_string}\"},\"query-input\":{\"@type\":\"PropertyValueSpecification\",\"valueRequired\":true,\"valueName\":\"search_term_string\"}}],\"inLanguage\":\"pl-PL\"},{\"@type\":\"Organization\",\"@id\":\"https:\/\/voucher.wolskigym.pl\/#organization\",\"name\":\"Wolskigym.pl\",\"url\":\"https:\/\/voucher.wolskigym.pl\/\",\"logo\":{\"@type\":\"ImageObject\",\"inLanguage\":\"pl-PL\",\"@id\":\"https:\/\/voucher.wolskigym.pl\/#\/schema\/logo\/image\/\",\"url\":\"https:\/\/voucher.wolskigym.pl\/wp-content\/uploads\/2026\/03\/logo_wolskigym_website-1.webp\",\"contentUrl\":\"https:\/\/voucher.wolskigym.pl\/wp-content\/uploads\/2026\/03\/logo_wolskigym_website-1.webp\",\"width\":1920,\"height\":577,\"caption\":\"Wolskigym.pl\"},\"image\":{\"@id\":\"https:\/\/voucher.wolskigym.pl\/#\/schema\/logo\/image\/\"}}]}<\/script>\n<!-- \/ Yoast SEO plugin. -->","yoast_head_json":{"title":"Zgarnij sw\u00f3j Voucher!","description":"ODBIERZ BEZP\u0141ATNY VOUCHER O WARTO\u015aCI 118 Z\u0141","robots":{"index":"noindex","follow":"follow","max-snippet":"max-snippet:-1","max-image-preview":"max-image-preview:large","max-video-preview":"max-video-preview:-1"},"og_locale":"pl_PL","og_type":"article","og_title":"Zgarnij sw\u00f3j Voucher!","og_description":"ODBIERZ BEZP\u0141ATNY VOUCHER O WARTO\u015aCI 118 Z\u0141","og_url":"https:\/\/voucher.wolskigym.pl\/","og_site_name":"Wolskigym.pl","article_modified_time":"2026-03-19T15:53:26+00:00","og_image":[{"width":2000,"height":943,"url":"https:\/\/voucher.wolskigym.pl\/wp-content\/uploads\/2026\/03\/Bezplatny-Voucher-210-x-99-mm-1-strona.png","type":"image\/png"}],"twitter_card":"summary_large_image","twitter_misc":{"Szacowany czas czytania":"2 minuty"},"schema":{"@context":"https:\/\/schema.org","@graph":[{"@type":"WebPage","@id":"https:\/\/voucher.wolskigym.pl\/","url":"https:\/\/voucher.wolskigym.pl\/","name":"Zgarnij sw\u00f3j Voucher!","isPartOf":{"@id":"https:\/\/voucher.wolskigym.pl\/#website"},"primaryImageOfPage":{"@id":"https:\/\/voucher.wolskigym.pl\/#primaryimage"},"image":{"@id":"https:\/\/voucher.wolskigym.pl\/#primaryimage"},"thumbnailUrl":"https:\/\/voucher.wolskigym.pl\/wp-content\/uploads\/2026\/03\/Bezplatny-Voucher-210-x-99-mm-1-strona.png","datePublished":"2026-03-09T11:47:04+00:00","dateModified":"2026-03-19T15:53:26+00:00","description":"ODBIERZ BEZP\u0141ATNY VOUCHER O WARTO\u015aCI 118 Z\u0141","breadcrumb":{"@id":"https:\/\/voucher.wolskigym.pl\/#breadcrumb"},"inLanguage":"pl-PL","potentialAction":[{"@type":"ReadAction","target":["https:\/\/voucher.wolskigym.pl\/"]}]},{"@type":"ImageObject","inLanguage":"pl-PL","@id":"https:\/\/voucher.wolskigym.pl\/#primaryimage","url":"https:\/\/voucher.wolskigym.pl\/wp-content\/uploads\/2026\/03\/Bezplatny-Voucher-210-x-99-mm-1-strona.png","contentUrl":"https:\/\/voucher.wolskigym.pl\/wp-content\/uploads\/2026\/03\/Bezplatny-Voucher-210-x-99-mm-1-strona.png","width":2000,"height":943},{"@type":"BreadcrumbList","@id":"https:\/\/voucher.wolskigym.pl\/#breadcrumb","itemListElement":[{"@type":"ListItem","position":1,"name":"Strona g\u0142\u00f3wna","item":"https:\/\/voucher.wolskigym.pl\/"},{"@type":"ListItem","position":2,"name":"\u015aroda \u015al\u0105ska"}]},{"@type":"WebSite","@id":"https:\/\/voucher.wolskigym.pl\/#website","url":"https:\/\/voucher.wolskigym.pl\/","name":"Wolskigym.pl","description":"","publisher":{"@id":"https:\/\/voucher.wolskigym.pl\/#organization"},"potentialAction":[{"@type":"SearchAction","target":{"@type":"EntryPoint","urlTemplate":"https:\/\/voucher.wolskigym.pl\/?s={search_term_string}"},"query-input":{"@type":"PropertyValueSpecification","valueRequired":true,"valueName":"search_term_string"}}],"inLanguage":"pl-PL"},{"@type":"Organization","@id":"https:\/\/voucher.wolskigym.pl\/#organization","name":"Wolskigym.pl","url":"https:\/\/voucher.wolskigym.pl\/","logo":{"@type":"ImageObject","inLanguage":"pl-PL","@id":"https:\/\/voucher.wolskigym.pl\/#\/schema\/logo\/image\/","url":"https:\/\/voucher.wolskigym.pl\/wp-content\/uploads\/2026\/03\/logo_wolskigym_website-1.webp","contentUrl":"https:\/\/voucher.wolskigym.pl\/wp-content\/uploads\/2026\/03\/logo_wolskigym_website-1.webp","width":1920,"height":577,"caption":"Wolskigym.pl"},"image":{"@id":"https:\/\/voucher.wolskigym.pl\/#\/schema\/logo\/image\/"}}]}},"_links":{"self":[{"href":"https:\/\/voucher.wolskigym.pl\/index.php\/wp-json\/wp\/v2\/pages\/2","targetHints":{"allow":["GET"]}}],"collection":[{"href":"https:\/\/voucher.wolskigym.pl\/index.php\/wp-json\/wp\/v2\/pages"}],"about":[{"href":"https:\/\/voucher.wolskigym.pl\/index.php\/wp-json\/wp\/v2\/types\/page"}],"author":[{"embeddable":true,"href":"https:\/\/voucher.wolskigym.pl\/index.php\/wp-json\/wp\/v2\/users\/1"}],"replies":[{"embeddable":true,"href":"https:\/\/voucher.wolskigym.pl\/index.php\/wp-json\/wp\/v2\/comments?post=2"}],"version-history":[{"count":77,"href":"https:\/\/voucher.wolskigym.pl\/index.php\/wp-json\/wp\/v2\/pages\/2\/revisions"}],"predecessor-version":[{"id":211,"href":"https:\/\/voucher.wolskigym.pl\/index.php\/wp-json\/wp\/v2\/pages\/2\/revisions\/211"}],"wp:attachment":[{"href":"https:\/\/voucher.wolskigym.pl\/index.php\/wp-json\/wp\/v2\/media?parent=2"}],"curies":[{"name":"wp","href":"https:\/\/api.w.org\/{rel}","templated":true}]}}